{"id":16,"date":"2013-02-23T13:02:11","date_gmt":"2013-02-23T13:02:11","guid":{"rendered":"http:\/\/enescu-philharmonic.ro\/ro\/?page_id=16"},"modified":"2021-02-14T13:27:11","modified_gmt":"2021-02-14T11:27:11","slug":"trio-promusica","status":"publish","type":"page","link":"https:\/\/fundatiaenescu.ro\/ro\/trio-promusica\/","title":{"rendered":"Trio ProMusica"},"content":{"rendered":"<p style=\"text-align: justify;\">Trio \u201ePro Musica\u201c, este alc\u0103tuit din instrumenti\u015fti binecunoscu\u0163i \u015fi aprecia\u0163i de public, \u00eencep\u00e2nd cu reputatul pianist Viniciu Moroianu, clarinetistul Cristian Manca\u015f, \u0219i\u00a0violoncelistul Dan Cavassi, \u00a0cei doi membri de marc\u0103 ai Filarmonicii George Enescu demonstr\u00e2nd, la r\u00e2ndul lor, nu doar prin sunetul rotund \u015fi tehnica riguroas\u0103, ci mai ales prin maniera de a c\u00e2nta, dorin\u0163a \u015fi disponibilitatea de a face muzic\u0103 \u00een cel mai bun sens al cuv\u00e2ntului.<\/p>\n<p style=\"text-align: justify;\">N\u0103scut la Gala\u0163i, \u00een 1972, clarinetistul\u00a0<b>CRISTIAN MANCA\u015e\u00a0<\/b>a absolvit \u00een 1996 Universitatea Na\u0163ional\u0103 de Muzic\u0103 din Bucure\u015fti, sec\u0163iile clarinet \u015fi dirijat de orchestr\u0103. A urmat apoi mai multe cursuri de perfec\u0163ionare \u00een ambele specializ\u0103ri, la UNMB, Juilliard School of Music, Boston University, iar \u00een 2003 cu maestrul Seiji Ozawa. Din 1998 este membru al orchestrei Filarmonicii \u201eGeorge Enescu\u201d, din 1999 activeaz\u0103 ca dirijor la Teatrul muzical din Gala\u0163i \u015fi a concertat ca dirijor invitat \u00een Germania cu Lubek Musical Ensemble \u015fi Deutschland Musical Orchestra. \u00cen calitate de dirijor \u015fi solist, a sus\u0163inut o bogat\u0103 activitate concertistic\u0103 la Ia\u015fi, Bra\u015fov, Ploie\u015fti, Cluj, Bucure\u015fti, dar \u015fi la Praga, Cracovia, Amsterdam, Haga, Budapesta, Innsbruck, Dresda, Salzburg, Lyon, Bremen, Sydney, Welington, San Diego.<\/p>\n<p><a href=\"http:\/\/fundatiaenescu.ro\/ro\/wp-content\/uploads\/2013\/02\/trio2.jpg\"><img loading=\"lazy\" decoding=\"async\" class=\"aligncenter wp-image-646 size-full\" src=\"http:\/\/fundatiaenescu.ro\/ro\/wp-content\/uploads\/2013\/02\/trio2.jpg\" alt=\"trio\" width=\"990\" height=\"742\" srcset=\"https:\/\/fundatiaenescu.ro\/ro\/wp-content\/uploads\/2013\/02\/trio2.jpg 990w, https:\/\/fundatiaenescu.ro\/ro\/wp-content\/uploads\/2013\/02\/trio2-300x224.jpg 300w\"  sizes=\"(max-width: 990px) 100vw, 990px\" \/><\/a><\/p>\n<p style=\"text-align: justify;\"><b>DAN CAVASSI\u00a0<\/b>n\u0103scut la Bucure\u0219ti, \u00een 5 iunie 1950, fiu al dirijorului \u015fi compozitorului Liviu Cavassi, reprezent\u00e2nd astfel a patra genera\u0163ie de muzicieni ai familiei, Dan Cavassi a urmat cursurile Liceului de Muzic\u0103 \u201eGeorge Enescu\u201d din Bucure\u0219ti, la clasa profesorilor Paul Ochialbi \u015fi George Cocea. La Academia de Muzic\u0103 din Bucure\u0219ti a studiat la clasa prof. George Iarosevici. Dup\u0103 \u00eencheierea studiilor, lucreaz\u0103 la Paris cu Antonio Janigro, apoi la Geneva cu Pierre Fournier. Din 1984 este prim-violoncelist al Filarmonicii \u201eGeorge Enescu\u201d, unde activeaz\u0103 \u015fi \u00een prezent. \u00cen paralel cu activitatea \u00een orchestr\u0103 sau cu apari\u0163iile solistice, este membru permanent al prestigiosului Cvartet \u201eMuzica\u201d, cu care concerteaz\u0103 \u00een toat\u0103 lumea, particip\u00e2nd la festivaluri renumite, precum cele de la Salzburg, Bregenz, Roma, Paris, La Rochelle, Belgrad, Edinburg, Cracovia, Bruxelles \u0219.a. \u00cen 1980 pune bazele Cvartetului \u201ePro Muzica\u201d, recunoscut imediat prin ob\u0163inerea mai multor premii na\u0163ionale \u0219i interna\u0163ionale. \u00cen tot acest timp a ap\u0103rut \u0219i ca solist \u00een recitaluri cu pian, diverse forma\u021bii camerale sau \u00eempreun\u0103 cu orchestrele bucure\u015ftene (Filarmonica \u201eGeorge Enescu\u201d, Orchestra de Camer\u0103 Radio), precum \u015fi cu orchestrele filarmonice din alte ora\u015fe ale \u0163\u0103rii (Bac\u0103u, Sibiu, Ploie\u0219ti \u0219.a.).<br \/>\nPalmaresul s\u0103u mai cuprinde \u00eenregistr\u0103ri discografice \u0219i numeroase \u00eenregistr\u0103ri la radio \u0219i televiziune. \u00centre acestea, se cuvine amintit\u0103 o apreciat\u0103 versiune a celor dou\u0103 Sonate pentru violoncel \u0219i pian de Johannes Brahms, realizat\u0103 \u00een studiourile Radiodifuziunii Rom\u00e2ne, \u00eempreun\u0103 cu pianistul Cristian Petrescu. Al\u0103turi de muzica clasic\u0103, Dan Cavassi interpreteaz\u0103 \u00een mod curent muzic\u0103 modern\u0103 \u015fi contemporan\u0103, colabor\u00e2nd \u00een calitate de solist cu prestigioase forma\u0163ii \u015fi orchestre din str\u0103in\u0103tate, ca Opera din Bonn, Neues Theater f\u00fcr Musik Bonn, \u201eFestival Ensemble\u201d Heidelberg, \u201eProfectio initiative\u201d Freiburg, Ansamblul \u201ePhoenix\u201d din Basel, \u201eEnsemble f\u00fcr Neue Musik\u201d din Z\u00fcrich etc., \u00eempreun\u0103 cu care a realizat \u015fi \u00eenregistr\u0103ri pentru radio \u015fi CD-uri.<br \/>\nEste membru fondator al ansamblului \u201edevotioModerna\u201d (2005). \u00cempreun\u0103 cu clarinetistul Cristian Manca\u0219 \u0219i pianistul Viniciu Moroianu, a pus bazele trio-ului \u201ePro musica\u201d \u00een 2010.<br \/>\n\u00cen 2004 Pre\u0219edin\u021bia Rom\u00e2niei i-a decernat Meritul Cultural clasa I.<\/p>\n<p><iframe loading=\"lazy\" src=\"https:\/\/w.soundcloud.com\/player\/?url=http%3A%2F%2Fapi.soundcloud.com%2Ftracks%2F37928366\" width=\"100%\" height=\"166\" frameborder=\"no\" scrolling=\"no\"><\/iframe><\/p>\n<p style=\"text-align: justify;\"><b>VINICIU MOROIANU<\/b>\u00a0s-a n\u0103scut la Bucure\u015fti, \u00een anul 1962, \u00eentr-o familie de muzicieni. A absolvit Liceul de muzic\u0103 \u201eGeorge Enescu\u201d la clasa prof. Marta Paladi, iar \u00een 1985 Universitatea Na\u0163ional\u0103 de Muzic\u0103 din Bucure\u015fti, unde a studiat cu prof. Gabriel Amira\u015f. De asemenea, a studiat pe parcursul mai multor ani cu mae\u015ftrii Constantin Bugeanu, Pascal Bentoiu, Doru Popovici. A fost distins cu premiul I la competi\u0163ii na\u0163ionale \u00een 1973, 1977 \u015fi 1978, este laureat al concursurilor interna\u0163ionale de la Paris (\u201eGuilde fran\u00e7aise des artistes solistes\u201d, 1979) \u015fi Bucure\u015fti (\u201eGeorge Enescu\u201d, 1991). De asemenea, a fost distins cu Premiul Colegiului Criticilor Muzicali pe anul 1981 pentru interpretarea Sonatei a III-a pentru pian de George Enescu \u015fi cu Premiul Funda\u0163iei \u201eDinu Lipatti\u201d pentru restituirea \u015fi prezentarea \u00een concert, \u00een 1992, a Fanteziei op. 8 de Dinu Lipatti. A sus\u0163inut primul s\u0103u recital la v\u00e2rsta de 10 ani, iar patru ani mai t\u00e2rziu a debutat ca solist cu orchestra. Activitatea sa artistic\u0103 include peste 700 de apari\u0163ii scenice, \u00een recitaluri, concerte camerale \u015fi ca solist cu orchestra. Are un repertoriu vast, incluz\u00e2nd prime audi\u0163ii \u015fi lucr\u0103ri ample mai rar abordate. Ca partener de lied a colaborat cu soli\u015fti vocali precum Eduard Tumagian, Leontina V\u0103duva, George Emil Cr\u0103snaru \u015fi Georgeta Stoleriu. A concertat cu toate orchestrele filarmonicilor din \u0163ar\u0103 \u015fi a sus\u0163inut numeroase recitaluri \u015fi concerte camerale. Ca student, a debutat cu Orchestra Filarmonicii \u201eGeorge Enescu\u201d \u00een 1983 \u015fi a sus\u0163inut primul recital la Ateneul Rom\u00e2n \u00een 1985. A participat la festivalurile interna\u0163ionale \u201eGeorge Enescu\u201d (1985, 1995, 2003, 2005, 2007 \u015fi 2009), \u201eDinu Lipatti\u201d (1993, 1995, 1997), precum \u015fi \u00een Slovacia (1990), Austria (1991), Costa Rica (1993). A \u00eentreprins turnee \u00een Grecia, Ungaria, Bulgaria, Ucraina, Fran\u0163a, Italia, Germania, Moldova, Spania, Belgia, Danemarca, Luxemburg. A \u00eenso\u0163it Filarmonica \u201eGeorge Enescu\u201d ca solist \u00een turneul de la Chi\u015fin\u0103u din noiembrie 1996. Printre transmisiile concertelor sale \u00een direct se num\u0103r\u0103 cele de la Radio Bartok Budapesta (1995) \u015fi prin UER (1995, 2007). A realizat \u00eenregistr\u0103ri la Radio \u015fi Televiziune precum \u015fi la Electrecord (Sonatele pentru pian \u015fi violoncel de Brahms, cu Attila Szekely, 1982 \u015fi Sonata a III-a pentru pian de Enescu, 1988). \u00cen 1998 i-a ap\u0103rut un CD cu \u00eenregistrare din concert la \u201eAgora\u201d &#8211; Grecia. \u00cen 2003 a realizat edi\u0163ia critic\u0103 a caden\u0163elor compuse de Dinu Lipatti (Ed. Muzical\u0103, 2003). Din 2003 este solist invitat permanent la Filarmonica \u201eIon Dumitrescu\u201d din R\u00e2mnicu V\u00e2lcea, al\u0103turi de care realizeaz\u0103 integrala lucr\u0103rilor concertante pentru pian de Beethoven. Viniciu Moroianu este membru fondator al Societ\u0103\u0163ii Rom\u00e2ne Mozart (1991). \u00cen 2005 a ob\u0163inut titlul de doctor \u00een muzic\u0103 cu teza Dou\u0103 secole de g\u00e2ndire componistic\u0103 reflectate \u00een crea\u0163ia pentru pian solo a lui Dinu Lipatti. \u00cen prezent este conferen\u0163iar universitar la Catedra de pian principal a Universit\u0103\u0163ii Na\u0163ionale de Muzic\u0103 din Bucure\u015fti. \u201e\u00cen genera\u0163ia lui, este poate chiar primul. \u00cei \u00eentrev\u0103d un viitor str\u0103lucit \u00een arta pianistic\u0103.\u201d Valentin Gheorghiu, Radio Rom\u00e2nia, 1998.<\/p>\n<p><iframe loading=\"lazy\" src=\"https:\/\/w.soundcloud.com\/player\/?url=http%3A%2F%2Fapi.soundcloud.com%2Ftracks%2F40782664\" width=\"100%\" height=\"166\" frameborder=\"no\" scrolling=\"no\"><\/iframe><\/p>\n<p style=\"text-align: justify;\"><b><\/b><b>Un trio performant<\/b><\/p>\n<p style=\"text-align: justify;\">Trebuie s\u0103 recunosc faptul c\u0103, la Ateneu, am ascultat pentru prima oar\u0103 Trio \u201ePro Musica\u201c, alc\u0103tuit \u00eens\u0103 din instrumenti\u015fti binecunoscu\u0163i \u015fi aprecia\u0163i de public, \u00eencep\u00e2nd cu reputatul pianist\u00a0<a href=\"http:\/\/blog.enescu-philharmonic.ro\/2012\/08\/un-trio-performant\/\" target=\"_blank\" rel=\"noopener\">[ &#8230; citeste mai mult ]\u00a0<\/a><\/p>\n<p style=\"text-align: justify;\">\n<p style=\"text-align: justify;\">\n","protected":false},"excerpt":{"rendered":"<p>Trio \u201ePro Musica\u201c, este alc\u0103tuit din instrumenti\u015fti binecunoscu\u0163i \u015fi aprecia\u0163i de public, \u00eencep\u00e2nd cu reputatul pianist Viniciu Moroianu, clarinetistul Cristian Manca\u015f, \u0219i\u00a0violoncelistul Dan Cavassi, \u00a0cei doi membri de marc\u0103 ai Filarmonicii George Enescu demonstr\u00e2nd, la r\u00e2ndul lor, nu doar prin sunetul rotund \u015fi tehnica riguroas\u0103, ci mai ales prin maniera de a c\u00e2nta, dorin\u0163a \u015fi disponibilitatea de a face muzic\u0103 \u00een cel mai bun sens al cuv\u00e2ntului. N\u0103scut la Gala\u0163i, \u00een 1972, clarinetistul\u00a0CRISTIAN MANCA\u015e\u00a0a absolvit \u00een 1996 Universitatea Na\u0163ional\u0103 de Muzic\u0103 din Bucure\u015fti, sec\u0163iile clarinet \u015fi dirijat de orchestr\u0103. A urmat apoi mai multe cursuri de perfec\u0163ionare \u00een ambele specializ\u0103ri, la UNMB, Juilliard School of Music, Boston University, iar \u00een 2003 cu maestrul Seiji Ozawa. Din 1998 este membru al orchestrei Filarmonicii \u201eGeorge Enescu\u201d, din 1999 activeaz\u0103 ca dirijor la Teatrul muzical din Gala\u0163i \u015fi a concertat ca dirijor invitat \u00een Germania cu Lubek Musical Ensemble \u015fi Deutschland Musical Orchestra. \u00cen calitate de dirijor \u015fi solist, a sus\u0163inut o bogat\u0103 activitate concertistic\u0103 la Ia\u015fi, Bra\u015fov, Ploie\u015fti, Cluj, Bucure\u015fti, dar \u015fi la Praga, Cracovia, Amsterdam, Haga, Budapesta, Innsbruck, Dresda, Salzburg, Lyon, Bremen, Sydney, Welington, San Diego. DAN CAVASSI\u00a0n\u0103scut la Bucure\u0219ti, \u00een 5 iunie 1950, fiu al dirijorului \u015fi compozitorului Liviu Cavassi, reprezent\u00e2nd astfel a patra genera\u0163ie de muzicieni ai familiei, Dan Cavassi a urmat cursurile Liceului de Muzic\u0103 \u201eGeorge Enescu\u201d din Bucure\u0219ti, la clasa profesorilor Paul Ochialbi \u015fi George Cocea. La Academia de Muzic\u0103 din Bucure\u0219ti a studiat la clasa prof. George Iarosevici. Dup\u0103 \u00eencheierea studiilor, lucreaz\u0103 la Paris cu Antonio Janigro, apoi la Geneva cu Pierre Fournier. Din 1984 este prim-violoncelist al Filarmonicii \u201eGeorge Enescu\u201d, unde activeaz\u0103 \u015fi \u00een prezent. \u00cen paralel cu activitatea \u00een orchestr\u0103 sau cu apari\u0163iile solistice, este membru permanent al prestigiosului Cvartet \u201eMuzica\u201d, cu care concerteaz\u0103 \u00een toat\u0103 lumea, particip\u00e2nd la festivaluri renumite, precum cele de la Salzburg, Bregenz, Roma, Paris, La Rochelle, Belgrad, Edinburg, Cracovia, Bruxelles \u0219.a. \u00cen 1980 pune bazele Cvartetului \u201ePro Muzica\u201d, recunoscut imediat prin ob\u0163inerea mai multor premii na\u0163ionale \u0219i interna\u0163ionale. \u00cen tot acest timp a ap\u0103rut \u0219i ca solist \u00een recitaluri cu pian, diverse forma\u021bii camerale sau \u00eempreun\u0103 cu orchestrele bucure\u015ftene (Filarmonica \u201eGeorge Enescu\u201d, Orchestra de Camer\u0103 Radio), precum \u015fi cu orchestrele filarmonice din alte ora\u015fe ale \u0163\u0103rii (Bac\u0103u, Sibiu, Ploie\u0219ti \u0219.a.). Palmaresul s\u0103u mai cuprinde \u00eenregistr\u0103ri discografice \u0219i numeroase \u00eenregistr\u0103ri la radio \u0219i televiziune. \u00centre acestea, se cuvine amintit\u0103 o apreciat\u0103 versiune a celor dou\u0103 Sonate pentru violoncel \u0219i pian de Johannes Brahms, realizat\u0103 \u00een studiourile Radiodifuziunii Rom\u00e2ne, \u00eempreun\u0103 cu pianistul Cristian Petrescu. Al\u0103turi de muzica clasic\u0103, Dan Cavassi interpreteaz\u0103 \u00een mod curent muzic\u0103 modern\u0103 \u015fi contemporan\u0103, colabor\u00e2nd \u00een calitate de solist cu prestigioase forma\u0163ii \u015fi orchestre din str\u0103in\u0103tate, ca Opera din Bonn, Neues Theater f\u00fcr Musik Bonn, \u201eFestival Ensemble\u201d Heidelberg, \u201eProfectio initiative\u201d Freiburg, Ansamblul \u201ePhoenix\u201d din Basel, \u201eEnsemble f\u00fcr Neue Musik\u201d din Z\u00fcrich etc., \u00eempreun\u0103 cu care a realizat \u015fi \u00eenregistr\u0103ri pentru radio \u015fi CD-uri. Este membru fondator al ansamblului \u201edevotioModerna\u201d (2005). \u00cempreun\u0103 cu clarinetistul Cristian Manca\u0219 \u0219i pianistul Viniciu Moroianu, a pus bazele trio-ului \u201ePro musica\u201d \u00een 2010. \u00cen 2004 Pre\u0219edin\u021bia Rom\u00e2niei i-a decernat Meritul Cultural clasa I. VINICIU MOROIANU\u00a0s-a n\u0103scut la Bucure\u015fti, \u00een anul 1962, \u00eentr-o familie [&hellip;]<\/p>\n","protected":false},"author":1,"featured_media":0,"parent":0,"menu_order":0,"comment_status":"open","ping_status":"open","template":"","meta":{"footnotes":""},"class_list":["post-16","page","type-page","status-publish","hentry"],"_links":{"self":[{"href":"https:\/\/fundatiaenescu.ro\/ro\/wp-json\/wp\/v2\/pages\/16","targetHints":{"allow":["GET"]}}],"collection":[{"href":"https:\/\/fundatiaenescu.ro\/ro\/wp-json\/wp\/v2\/pages"}],"about":[{"href":"https:\/\/fundatiaenescu.ro\/ro\/wp-json\/wp\/v2\/types\/page"}],"author":[{"embeddable":true,"href":"https:\/\/fundatiaenescu.ro\/ro\/wp-json\/wp\/v2\/users\/1"}],"replies":[{"embeddable":true,"href":"https:\/\/fundatiaenescu.ro\/ro\/wp-json\/wp\/v2\/comments?post=16"}],"version-history":[{"count":1,"href":"https:\/\/fundatiaenescu.ro\/ro\/wp-json\/wp\/v2\/pages\/16\/revisions"}],"predecessor-version":[{"id":3511,"href":"https:\/\/fundatiaenescu.ro\/ro\/wp-json\/wp\/v2\/pages\/16\/revisions\/3511"}],"wp:attachment":[{"href":"https:\/\/fundatiaenescu.ro\/ro\/wp-json\/wp\/v2\/media?parent=16"}],"curies":[{"name":"wp","href":"https:\/\/api.w.org\/{rel}","templated":true}]}}