{"id":18,"date":"2013-02-23T13:03:23","date_gmt":"2013-02-23T13:03:23","guid":{"rendered":"http:\/\/enescu-philharmonic.ro\/ro\/?page_id=18"},"modified":"2021-02-14T13:26:05","modified_gmt":"2021-02-14T11:26:05","slug":"athenaeum-brass-quintet","status":"publish","type":"page","link":"https:\/\/fundatiaenescu.ro\/ro\/athenaeum-brass-quintet\/","title":{"rendered":"Athenaeum Brass Quintet"},"content":{"rendered":"<p><center><a href=\"http:\/\/fundatiaenescu.ro\/ro\/wp-content\/uploads\/2013\/02\/abq2-e1362612755695.jpg\"><img loading=\"lazy\" decoding=\"async\" class=\"aligncenter wp-image-663 size-full\" src=\"http:\/\/fundatiaenescu.ro\/ro\/wp-content\/uploads\/2013\/02\/abq2-e1362612755695.jpg\" alt=\"abq\" width=\"985\" height=\"403\" srcset=\"https:\/\/fundatiaenescu.ro\/ro\/wp-content\/uploads\/2013\/02\/abq2-e1362612755695.jpg 985w, https:\/\/fundatiaenescu.ro\/ro\/wp-content\/uploads\/2013\/02\/abq2-e1362612755695-300x122.jpg 300w\"  sizes=\"(max-width: 985px) 100vw, 985px\" \/><\/a><\/center><b>Athenaeum Brass Quintet<\/b>\u00a0este un ansamblu profesionist de elit\u0103 format din membri \u00a0Filarmonicii &#8220;George Enescu&#8221; din Bucure\u015fti.<\/p>\n<p>Constituit la \u00eenceputul anilor \u201990 de un grup de studenti entuzia\u015fti ai Universit\u0103\u0163ii Na\u0163ionale de Muzic\u0103 din Bucure\u015fti, cvintetul este distins chiar de la inceput cu premiul al II-lea la Concursul interna\u0163ional demuzic\u0103 de camer\u0103 &#8220;Gheorghe Dima&#8221; de la Cluj.<br \/>\nABQ p\u0103streaz\u0103 un standard \u00eenalt \u015fi un repertoriu foarte bogat, abord\u00e2nd lucr\u0103ri de muzic\u0103 renascentist\u0103\u015fi baroc\u0103 \u00een transcriptie pentru cvintet de al\u0103muri, c\u0103rora li se alatur\u0103 partituri celebre ale literaturiiclasico-romantice, un accent deosebit c\u0103z\u00e2nd pe prelucrari ale muzicii de divertisment a secolului XX(Broadway, teme de jazz, muzic\u0103 pop-rock etc.)<\/p>\n<p>Primul lor set de \u00eenregistr\u0103ri realizate \u00een studiourile Societ\u0103\u0163ii Rom\u00e2ne de Radiodifuziune, cuprinde lucr\u0103ri clasico-romantice de mare efect, acoperind o larg\u0103 plaj\u0103 stilistic\u0103, de la Pachelbel \u015fi Vivaldi laMozart \u015fi Brahms.\u00a0<b>Athenaeum Brass Quintet<\/b>\u00a0reprezint\u0103 nucleul Athenaeum Brass Ensemble \u015fi \u00een aceast\u0103 formul\u0103 au avut multe manifest\u0103ri \u00een \u0163ar\u0103 \u015fi peste hotare.<br \/>\n<b>ABQ\u00a0<\/b>preg\u0103te\u015fte un proiect nou cu muzica rom\u00e2neasc\u0103, un mix de folclor \u015fi muzic\u0103 contemporan\u0103.<\/p>\n","protected":false},"excerpt":{"rendered":"<p>Athenaeum Brass Quintet\u00a0este un ansamblu profesionist de elit\u0103 format din membri \u00a0Filarmonicii &#8220;George Enescu&#8221; din Bucure\u015fti. Constituit la \u00eenceputul anilor \u201990 de un grup de studenti entuzia\u015fti ai Universit\u0103\u0163ii Na\u0163ionale de Muzic\u0103 din Bucure\u015fti, cvintetul este distins chiar de la inceput cu premiul al II-lea la Concursul interna\u0163ional demuzic\u0103 de camer\u0103 &#8220;Gheorghe Dima&#8221; de la Cluj. ABQ p\u0103streaz\u0103 un standard \u00eenalt \u015fi un repertoriu foarte bogat, abord\u00e2nd lucr\u0103ri de muzic\u0103 renascentist\u0103\u015fi baroc\u0103 \u00een transcriptie pentru cvintet de al\u0103muri, c\u0103rora li se alatur\u0103 partituri celebre ale literaturiiclasico-romantice, un accent deosebit c\u0103z\u00e2nd pe prelucrari ale muzicii de divertisment a secolului XX(Broadway, teme de jazz, muzic\u0103 pop-rock etc.) Primul lor set de \u00eenregistr\u0103ri realizate \u00een studiourile Societ\u0103\u0163ii Rom\u00e2ne de Radiodifuziune, cuprinde lucr\u0103ri clasico-romantice de mare efect, acoperind o larg\u0103 plaj\u0103 stilistic\u0103, de la Pachelbel \u015fi Vivaldi laMozart \u015fi Brahms.\u00a0Athenaeum Brass Quintet\u00a0reprezint\u0103 nucleul Athenaeum Brass Ensemble \u015fi \u00een aceast\u0103 formul\u0103 au avut multe manifest\u0103ri \u00een \u0163ar\u0103 \u015fi peste hotare. ABQ\u00a0preg\u0103te\u015fte un proiect nou cu muzica rom\u00e2neasc\u0103, un mix de folclor \u015fi muzic\u0103 contemporan\u0103.<\/p>\n","protected":false},"author":1,"featured_media":0,"parent":0,"menu_order":0,"comment_status":"open","ping_status":"open","template":"","meta":{"footnotes":""},"class_list":["post-18","page","type-page","status-publish","hentry"],"_links":{"self":[{"href":"https:\/\/fundatiaenescu.ro\/ro\/wp-json\/wp\/v2\/pages\/18","targetHints":{"allow":["GET"]}}],"collection":[{"href":"https:\/\/fundatiaenescu.ro\/ro\/wp-json\/wp\/v2\/pages"}],"about":[{"href":"https:\/\/fundatiaenescu.ro\/ro\/wp-json\/wp\/v2\/types\/page"}],"author":[{"embeddable":true,"href":"https:\/\/fundatiaenescu.ro\/ro\/wp-json\/wp\/v2\/users\/1"}],"replies":[{"embeddable":true,"href":"https:\/\/fundatiaenescu.ro\/ro\/wp-json\/wp\/v2\/comments?post=18"}],"version-history":[{"count":1,"href":"https:\/\/fundatiaenescu.ro\/ro\/wp-json\/wp\/v2\/pages\/18\/revisions"}],"predecessor-version":[{"id":3509,"href":"https:\/\/fundatiaenescu.ro\/ro\/wp-json\/wp\/v2\/pages\/18\/revisions\/3509"}],"wp:attachment":[{"href":"https:\/\/fundatiaenescu.ro\/ro\/wp-json\/wp\/v2\/media?parent=18"}],"curies":[{"name":"wp","href":"https:\/\/api.w.org\/{rel}","templated":true}]}}