{"id":1815,"date":"2014-06-23T19:51:10","date_gmt":"2014-06-23T17:51:10","guid":{"rendered":"http:\/\/fundatiaenescu.ro\/ro\/?page_id=1815"},"modified":"2023-07-17T09:38:16","modified_gmt":"2023-07-17T07:38:16","slug":"donatii","status":"publish","type":"page","link":"https:\/\/fundatiaenescu.ro\/ro\/donatii\/","title":{"rendered":"Donate"},"content":{"rendered":"<div class=\"wpb-content-wrapper\"><p>[vc_row][vc_column][vc_column_text]<b>Dona\u021bi pentru cultur\u0103, Prin Art\u0103 spre Bine \u00een sprijinul Culturii Rom\u0103nesti !<\/b><\/p>\n<p><strong>Sus\u021bine \u0219i tu proiectele Funda\u021biei George Enescu !<\/strong><\/p>\n<p><b>Pentru a face o donatie va rug\u0103m sa dati click pe butonul donate:<\/b><\/p>\n<form action=\"https:\/\/www.paypal.com\/cgi-bin\/webscr\" method=\"post\" target=\"_top\"><input name=\"cmd\" type=\"hidden\" value=\"_s-xclick\" \/><br \/>\n<input name=\"hosted_button_id\" type=\"hidden\" value=\"Z77U48D9VCHML\" \/><br \/>\n<input alt=\"PayPal - The safer, easier way to pay online!\" name=\"submit\" src=\"https:\/\/www.paypalobjects.com\/en_US\/i\/btn\/btn_donateCC_LG.gif\" type=\"image\" \/><br \/>\n<img loading=\"lazy\" decoding=\"async\" src=\"https:\/\/www.paypalobjects.com\/en_US\/i\/scr\/pixel.gif\" alt=\"\" width=\"1\" height=\"1\" border=\"0\" \/><\/form>\n<p>sau folositi datele noastre:<\/p>\n<p><a href=\"http:\/\/fundatiaenescu.ro\/ro\/wp-content\/uploads\/2014\/03\/2.pdf\" target=\"_blank\" rel=\"noopener\"><span style=\"font-weight: bold;\">Fundatia George Enescu <\/span><\/a><\/p>\n<p><a href=\"http:\/\/fundatiaenescu.ro\/ro\/wp-content\/uploads\/2014\/03\/2.pdf\" target=\"_blank\" rel=\"noopener\"><span style=\"font-weight: bold;\">C.I.F.: 14453761<\/span><\/a><\/p>\n<p><a href=\"http:\/\/fundatiaenescu.ro\/ro\/wp-content\/uploads\/2014\/03\/2.pdf\" target=\"_blank\" rel=\"noopener\"><span style=\"font-weight: bold;\">Cod iban:RO21BREL0002003868290100 <\/span><\/a><\/p>\n<p><a href=\"http:\/\/fundatiaenescu.ro\/ro\/wp-content\/uploads\/2014\/03\/2.pdf\" target=\"_blank\" rel=\"noopener\"><span style=\"font-weight: bold;\">Libra Internet Bank<\/span><\/a><\/p>\n<h3><b>Donati 2%:<\/b><\/h3>\n<p><strong><a href=\"http:\/\/fundatiaenescu.ro\/ro\/wp-content\/uploads\/2016\/05\/declaratia230.pdf\">Formular 230<\/a><\/strong> daca aveti venituri doar din salariu trebuie completat cu datele dvs, depus si semnat pana la data de 15 mai 2016. Formularul trebuie completat integral de mana si il puteti descarca de aici: <strong><a href=\"http:\/\/fundatiaenescu.ro\/ro\/wp-content\/uploads\/2016\/05\/declaratia230.pdf\">Formular 230<\/a><\/strong><\/p>\n<p><strong><a href=\"http:\/\/fundatiaenescu.ro\/ro\/wp-content\/uploads\/2016\/05\/declaratia200.pdf\">Formular 200<\/a><\/strong> daca aveti venituri si din alte surse pe linga cele din salariu (cedarea folosintei bunurilor, drepturi de autor, etc) trebuie completat cu datele dvs, semnat si depus pina la data de 15 mai 2016, puteti decarca de aici: <strong><a href=\"http:\/\/fundatiaenescu.ro\/ro\/wp-content\/uploads\/2016\/05\/declaratia200.pdf\">Formular 200<\/a>.<\/strong><\/p>\n<p><b>Va multumim pentru sustinere !<\/b>[\/vc_column_text][\/vc_column][\/vc_row]<\/p>\n<\/div>","protected":false},"excerpt":{"rendered":"<p>[vc_row][vc_column][vc_column_text]Dona\u021bi pentru cultur\u0103, Prin Art\u0103 spre Bine \u00een sprijinul Culturii Rom\u0103nesti ! Sus\u021bine \u0219i tu proiectele Funda\u021biei George Enescu ! Pentru a face o donatie va rug\u0103m sa dati click pe butonul donate: sau folositi datele noastre: Fundatia George Enescu C.I.F.: 14453761 Cod iban:RO21BREL0002003868290100 Libra Internet Bank Donati 2%: Formular 230 daca aveti venituri doar din salariu trebuie completat cu datele dvs, depus si semnat pana la data de 15 mai 2016. Formularul trebuie completat integral de mana si il puteti descarca de aici: Formular 230 Formular 200 daca aveti venituri si din alte surse pe linga cele din salariu (cedarea folosintei bunurilor, drepturi de autor, etc) trebuie completat cu datele dvs, semnat si depus pina la data de 15 mai 2016, puteti decarca de aici: Formular 200. Va multumim pentru sustinere ![\/vc_column_text][\/vc_column][\/vc_row]<\/p>\n","protected":false},"author":1,"featured_media":1562,"parent":0,"menu_order":0,"comment_status":"open","ping_status":"open","template":"","meta":{"footnotes":""},"class_list":["post-1815","page","type-page","status-publish","has-post-thumbnail","hentry"],"_links":{"self":[{"href":"https:\/\/fundatiaenescu.ro\/ro\/wp-json\/wp\/v2\/pages\/1815","targetHints":{"allow":["GET"]}}],"collection":[{"href":"https:\/\/fundatiaenescu.ro\/ro\/wp-json\/wp\/v2\/pages"}],"about":[{"href":"https:\/\/fundatiaenescu.ro\/ro\/wp-json\/wp\/v2\/types\/page"}],"author":[{"embeddable":true,"href":"https:\/\/fundatiaenescu.ro\/ro\/wp-json\/wp\/v2\/users\/1"}],"replies":[{"embeddable":true,"href":"https:\/\/fundatiaenescu.ro\/ro\/wp-json\/wp\/v2\/comments?post=1815"}],"version-history":[{"count":3,"href":"https:\/\/fundatiaenescu.ro\/ro\/wp-json\/wp\/v2\/pages\/1815\/revisions"}],"predecessor-version":[{"id":3943,"href":"https:\/\/fundatiaenescu.ro\/ro\/wp-json\/wp\/v2\/pages\/1815\/revisions\/3943"}],"wp:featuredmedia":[{"embeddable":true,"href":"https:\/\/fundatiaenescu.ro\/ro\/wp-json\/wp\/v2\/media\/1562"}],"wp:attachment":[{"href":"https:\/\/fundatiaenescu.ro\/ro\/wp-json\/wp\/v2\/media?parent=1815"}],"curies":[{"name":"wp","href":"https:\/\/api.w.org\/{rel}","templated":true}]}}