{"id":2245,"date":"2015-02-10T15:27:28","date_gmt":"2015-02-10T13:27:28","guid":{"rendered":"http:\/\/fundatiaenescu.ro\/ro\/?page_id=2245"},"modified":"2019-06-17T15:05:10","modified_gmt":"2019-06-17T13:05:10","slug":"oedipe-pe-intelesul-tuturor","status":"publish","type":"page","link":"https:\/\/fundatiaenescu.ro\/ro\/oedipe-pe-intelesul-tuturor\/","title":{"rendered":"Oedipe pe \u00een\u021belesul tuturor"},"content":{"rendered":"<p class=\"p1\" style=\"text-align: justify;\"><span class=\"s1\">Funda\u021bia George Enescu, con\u0219tien\u021b\u0103 de menirea ei \u0219i de greutatea numelui purtat, \u00een anul \u00een care comemor\u0103m 60 de ani de la dispari\u021bia <i>Maestrului muzicii rom\u00e2ne\u0219ti<\/i>, v\u0103 propun o serie de concerte cu titlul <b>\u201cOedipe pe \u00een\u021belesul tuturor&#8221;<\/b>. Inten\u021bion\u0103m ca acest concert-\u0219coal\u0103 s\u0103 se desf\u0103\u0219oare \u00een mai multe locuri unde prezen\u021ba lui George Enescu este \u00eenc\u0103 vie \u0219i care au avut un impact afectiv major \u00een via\u021ba marelui muzician roman.<\/span><\/p>\n<p class=\"p1\" style=\"text-align: justify;\"><span class=\"s1\"> Este de datoria oric\u0103rui muzician rom\u00e2n s\u0103 promoveze muzica enescian\u0103. Cu at\u00e2t mai mult, este datoria institu\u021biilor \u0219i funda\u021biilor ce poart\u0103 numele s\u0103u s\u0103 ofere, prin proiecte consistente \u0219i atractive, o incursiune \u00een crea\u021bia marelui maestru. <\/span><\/p>\n<p class=\"p1\" style=\"text-align: justify;\"><span class=\"s1\"> <b>De ce Enescu?<\/b><\/span><\/p>\n<p class=\"p1\" style=\"text-align: justify;\"><span class=\"s1\"><i> <\/i>Pablo Casals spunea: <i>&#8221; Enescu este cel mai mare fenomen muzical de la Mozart \u00eencoace&#8221;.<\/i><\/span><\/p>\n<p class=\"p1\" style=\"text-align: justify;\"><span class=\"s1\"> Menuhin \u00eel completeaz\u0103: <i>&#8222;Pentru mine, Enescu va r\u0103m\u00e2ne una din veritabilele minuni ale lumii. (&#8230;) R\u0103d\u0103cinile puternice \u0219i noble\u021bea sufletului s\u0103u sunt provenite din propria lui \u021bar\u0103, o \u021bar\u0103 de inegalat\u0103 frumuse\u021be.&#8221; <\/i><\/span><\/p>\n<p class=\"p1\" style=\"text-align: justify;\"><span class=\"s1\">Muzica lui George Enescu \u00ee\u0219i trage esen\u021ba din seva folclorului rom\u00e2nesc. Prin pana sa, muzica este spiritualizat\u0103, sublimat\u0103 \u0219i eliberat\u0103 de striden\u0163e. Enescu face cu materialul melodic exact ce face Br\u00e2ncu\u015fi cu piatra: \u00eei d\u0103 zbor. Enescu, prin muzica sa (de fapt, prin toat\u0103 via\u021ba sa), atinge zona cea mai de sus a muzicii prin cvintupla manifestare a m\u0103iestriei sale: violonist, pianist, dirijor, profesor \u0219i compozitor. Recunoscut \u00een egal\u0103 m\u0103sur\u0103 de to\u021bi contemporanii \u0219i predecesorii s\u0103i drept un muzician de geniu, Maestrul redefine\u0219te<span class=\"Apple-converted-space\">\u00a0 <\/span>ideea de rom\u00e2nitate.<a href=\"http:\/\/fundatiaenescu.ro\/ro\/wp-content\/uploads\/2014\/09\/10658888_655727984546607_6105602832863285210_o.jpg\"><img loading=\"lazy\" decoding=\"async\" class=\" wp-image-2077 alignright\" src=\"http:\/\/fundatiaenescu.ro\/ro\/wp-content\/uploads\/2014\/09\/10658888_655727984546607_6105602832863285210_o-896x1024.jpg\" alt=\"10658888_655727984546607_6105602832863285210_o\" width=\"331\" height=\"378\" srcset=\"https:\/\/fundatiaenescu.ro\/ro\/wp-content\/uploads\/2014\/09\/10658888_655727984546607_6105602832863285210_o-896x1024.jpg 896w, https:\/\/fundatiaenescu.ro\/ro\/wp-content\/uploads\/2014\/09\/10658888_655727984546607_6105602832863285210_o-262x300.jpg 262w, https:\/\/fundatiaenescu.ro\/ro\/wp-content\/uploads\/2014\/09\/10658888_655727984546607_6105602832863285210_o.jpg 903w\"  sizes=\"(max-width: 331px) 100vw, 331px\" \/><\/a><\/span><\/p>\n<p class=\"p1\" style=\"text-align: justify;\"><span class=\"s1\"><b><i> Oedipe pe \u00een\u021belesul tuturor<\/i><\/b><\/span><\/p>\n<p class=\"p1\" style=\"text-align: justify;\"><span class=\"s1\"> Este nevoie s\u0103-l \u00een\u0163elegem pe Enescu prin prisma operei <i>Oedipe<\/i>. Funda\u021bia <i>George Enescu<\/i> propune o serie de <i>concerte-\u0219coal\u0103<\/i> \u00een diverse loca\u021bii precum: \u015fcoli \u0219i licee cu specific muzical, facult\u0103\u021bi, filarmonici, opere. La aceste concerte vor avea acces to\u021bi cei interesa\u021bi de muzic\u0103 \u00een general \u0219i cei interesa\u0163i de muzica lui Enescu \u00een special. <\/span><\/p>\n<p class=\"p1\" style=\"text-align: justify;\"><span class=\"s1\"> Ne propunem s\u0103 ar\u0103t\u0103m seva muzicii lui Enescu, modul \u00een care a compus opera <i>Oedipe<\/i> \u015fi elementele la care a recurs compozitorul \u00een vederea realiz\u0103rii capodoperei muzicale. <\/span><\/p>\n<p class=\"p1\" style=\"text-align: justify;\"><span class=\"s1\"> Proiectul va con\u0163ine o ampl\u0103 prezentare a evolu\u0163iei operei \u00een prima jum\u0103tate a secolului al XX lea, perioad\u0103 \u00een care George Enescu a compus capodopera universal\u0103 <i>Oedipe<\/i>. <\/span><\/p>\n<p class=\"p1\" style=\"text-align: justify;\"><span class=\"s1\"> Vom face o retrospectiv\u0103 a operei <i>Oedipe:<\/i> cum a luat na\u015ftere ideea operei, concep\u0163ia dramaturgic\u0103 general\u0103 \u0219i strategia leitmotivelor.<\/span><\/p>\n<p class=\"p1\" style=\"text-align: justify;\"><span class=\"s1\"> Analiz\u00e2nd rolul principal al operei, personajul Oedipe, vom parcurge aspecte ale vocalit\u0103\u021bii \u00eent\u00e2lnite \u00een oper\u0103 \u0219i rela\u021bia dintre linia melodic\u0103 a personajului Oedipe cu celelalte personaje.<\/span><\/p>\n<p class=\"p1\" style=\"text-align: justify;\"><span class=\"s1\"> Vor fi prezentate afi\u015fe, fotografii \u0219i elemente muzicale extrase din oper\u0103. <\/span><\/p>\n<p class=\"p1\" style=\"text-align: justify;\"><span class=\"s1\"> Un moment special va fi prezentarea <b>conceptului interpretativ personal<\/b> al personajului principal de c\u0103tre <b>\u015etefan Ignat<\/b>. Vor fi relatate momente din experien\u0163a celor \u015fapte produc\u0163ii la care a luat parte ca protagonist al rolului Oedipe.<\/span><\/p>\n<p class=\"p1\" style=\"text-align: justify;\"><span class=\"s1\">\u00cen cadrul evenimetelor, publicul va putea s\u0103 \u00een\u0163eleag\u0103, prin interac\u0163iune direct\u0103 cu protagoni\u0219tii, modul \u00een care a fost compus\u0103 capodopera enescian\u0103.<\/span><\/p>\n<p class=\"p1\" style=\"text-align: justify;\"><a href=\"http:\/\/fundatiaenescu.ro\/ro\/wp-content\/uploads\/2014\/09\/1501227_655732421212830_7185632346815966569_o.jpg\"><img loading=\"lazy\" decoding=\"async\" class=\"size-large wp-image-2076\" src=\"http:\/\/fundatiaenescu.ro\/ro\/wp-content\/uploads\/2014\/09\/1501227_655732421212830_7185632346815966569_o-1024x579.jpg\" alt=\"1501227_655732421212830_7185632346815966569_o\" width=\"1024\" height=\"579\" srcset=\"https:\/\/fundatiaenescu.ro\/ro\/wp-content\/uploads\/2014\/09\/1501227_655732421212830_7185632346815966569_o-1024x579.jpg 1024w, https:\/\/fundatiaenescu.ro\/ro\/wp-content\/uploads\/2014\/09\/1501227_655732421212830_7185632346815966569_o-300x169.jpg 300w, https:\/\/fundatiaenescu.ro\/ro\/wp-content\/uploads\/2014\/09\/1501227_655732421212830_7185632346815966569_o.jpg 1344w\"  sizes=\"(max-width: 1024px) 100vw, 1024px\" \/><\/a><\/p>\n","protected":false},"excerpt":{"rendered":"<p>Funda\u021bia George Enescu, con\u0219tien\u021b\u0103 de menirea ei \u0219i de greutatea numelui purtat, \u00een anul \u00een care comemor\u0103m 60 de ani de la dispari\u021bia Maestrului muzicii rom\u00e2ne\u0219ti, v\u0103 propun o serie de concerte cu titlul \u201cOedipe pe \u00een\u021belesul tuturor&#8221;. Inten\u021bion\u0103m ca acest concert-\u0219coal\u0103 s\u0103 se desf\u0103\u0219oare \u00een mai multe locuri unde prezen\u021ba lui George Enescu este \u00eenc\u0103 vie \u0219i care au avut un impact afectiv major \u00een via\u021ba marelui muzician roman. Este de datoria oric\u0103rui muzician rom\u00e2n s\u0103 promoveze muzica enescian\u0103. Cu at\u00e2t mai mult, este datoria institu\u021biilor \u0219i funda\u021biilor ce poart\u0103 numele s\u0103u s\u0103 ofere, prin proiecte consistente \u0219i atractive, o incursiune \u00een crea\u021bia marelui maestru. De ce Enescu? Pablo Casals spunea: &#8221; Enescu este cel mai mare fenomen muzical de la Mozart \u00eencoace&#8221;. Menuhin \u00eel completeaz\u0103: &#8222;Pentru mine, Enescu va r\u0103m\u00e2ne una din veritabilele minuni ale lumii. (&#8230;) R\u0103d\u0103cinile puternice \u0219i noble\u021bea sufletului s\u0103u sunt provenite din propria lui \u021bar\u0103, o \u021bar\u0103 de inegalat\u0103 frumuse\u021be.&#8221; Muzica lui George Enescu \u00ee\u0219i trage esen\u021ba din seva folclorului rom\u00e2nesc. Prin pana sa, muzica este spiritualizat\u0103, sublimat\u0103 \u0219i eliberat\u0103 de striden\u0163e. Enescu face cu materialul melodic exact ce face Br\u00e2ncu\u015fi cu piatra: \u00eei d\u0103 zbor. Enescu, prin muzica sa (de fapt, prin toat\u0103 via\u021ba sa), atinge zona cea mai de sus a muzicii prin cvintupla manifestare a m\u0103iestriei sale: violonist, pianist, dirijor, profesor \u0219i compozitor. Recunoscut \u00een egal\u0103 m\u0103sur\u0103 de to\u021bi contemporanii \u0219i predecesorii s\u0103i drept un muzician de geniu, Maestrul redefine\u0219te\u00a0 ideea de rom\u00e2nitate. Oedipe pe \u00een\u021belesul tuturor Este nevoie s\u0103-l \u00een\u0163elegem pe Enescu prin prisma operei Oedipe. Funda\u021bia George Enescu propune o serie de concerte-\u0219coal\u0103 \u00een diverse loca\u021bii precum: \u015fcoli \u0219i licee cu specific muzical, facult\u0103\u021bi, filarmonici, opere. La aceste concerte vor avea acces to\u021bi cei interesa\u021bi de muzic\u0103 \u00een general \u0219i cei interesa\u0163i de muzica lui Enescu \u00een special. Ne propunem s\u0103 ar\u0103t\u0103m seva muzicii lui Enescu, modul \u00een care a compus opera Oedipe \u015fi elementele la care a recurs compozitorul \u00een vederea realiz\u0103rii capodoperei muzicale. Proiectul va con\u0163ine o ampl\u0103 prezentare a evolu\u0163iei operei \u00een prima jum\u0103tate a secolului al XX lea, perioad\u0103 \u00een care George Enescu a compus capodopera universal\u0103 Oedipe. Vom face o retrospectiv\u0103 a operei Oedipe: cum a luat na\u015ftere ideea operei, concep\u0163ia dramaturgic\u0103 general\u0103 \u0219i strategia leitmotivelor. Analiz\u00e2nd rolul principal al operei, personajul Oedipe, vom parcurge aspecte ale vocalit\u0103\u021bii \u00eent\u00e2lnite \u00een oper\u0103 \u0219i rela\u021bia dintre linia melodic\u0103 a personajului Oedipe cu celelalte personaje. Vor fi prezentate afi\u015fe, fotografii \u0219i elemente muzicale extrase din oper\u0103. Un moment special va fi prezentarea conceptului interpretativ personal al personajului principal de c\u0103tre \u015etefan Ignat. Vor fi relatate momente din experien\u0163a celor \u015fapte produc\u0163ii la care a luat parte ca protagonist al rolului Oedipe. \u00cen cadrul evenimetelor, publicul va putea s\u0103 \u00een\u0163eleag\u0103, prin interac\u0163iune direct\u0103 cu protagoni\u0219tii, modul \u00een care a fost compus\u0103 capodopera enescian\u0103.<\/p>\n","protected":false},"author":1,"featured_media":0,"parent":0,"menu_order":0,"comment_status":"open","ping_status":"open","template":"","meta":{"footnotes":""},"class_list":["post-2245","page","type-page","status-publish","hentry"],"_links":{"self":[{"href":"https:\/\/fundatiaenescu.ro\/ro\/wp-json\/wp\/v2\/pages\/2245","targetHints":{"allow":["GET"]}}],"collection":[{"href":"https:\/\/fundatiaenescu.ro\/ro\/wp-json\/wp\/v2\/pages"}],"about":[{"href":"https:\/\/fundatiaenescu.ro\/ro\/wp-json\/wp\/v2\/types\/page"}],"author":[{"embeddable":true,"href":"https:\/\/fundatiaenescu.ro\/ro\/wp-json\/wp\/v2\/users\/1"}],"replies":[{"embeddable":true,"href":"https:\/\/fundatiaenescu.ro\/ro\/wp-json\/wp\/v2\/comments?post=2245"}],"version-history":[{"count":2,"href":"https:\/\/fundatiaenescu.ro\/ro\/wp-json\/wp\/v2\/pages\/2245\/revisions"}],"predecessor-version":[{"id":3440,"href":"https:\/\/fundatiaenescu.ro\/ro\/wp-json\/wp\/v2\/pages\/2245\/revisions\/3440"}],"wp:attachment":[{"href":"https:\/\/fundatiaenescu.ro\/ro\/wp-json\/wp\/v2\/media?parent=2245"}],"curies":[{"name":"wp","href":"https:\/\/api.w.org\/{rel}","templated":true}]}}