{"id":2831,"date":"2016-11-27T00:20:06","date_gmt":"2016-11-26T22:20:06","guid":{"rendered":"http:\/\/fundatiaenescu.ro\/ro\/?page_id=2831"},"modified":"2023-07-21T15:25:16","modified_gmt":"2023-07-21T13:25:16","slug":"despre-noi","status":"publish","type":"page","link":"https:\/\/fundatiaenescu.ro\/ro\/despre-noi\/","title":{"rendered":"Despre noi"},"content":{"rendered":"<div class=\"wpb-content-wrapper\"><p>[vc_row][vc_column][vc_custom_heading text=&#8221;Depre noi&#8221; font_container=&#8221;tag:h3|font_size:38|text_align:center|color:%233a3a3a|line_height:1.2&#8243; google_fonts=&#8221;font_family:Montserrat%3Aregular%2C700|font_style:400%20regular%3A400%3Anormal&#8221; css=&#8221;.vc_custom_1480238432692{padding-bottom: 35px !important;}&#8221;][\/vc_column][\/vc_row][vc_row][vc_column][vc_empty_space][\/vc_column][\/vc_row][vc_row][vc_column][vc_column_text]<\/p>\n<p style=\"text-align: justify;\"><span style=\"color: #000000;\">\u00cen viziunea noastr\u0103, contextul muzical actual trebuie s\u0103 se dezvolte prin existen\u021ba \u00een cadrul stagiunilor de concerte\u00a0 a c\u00e2t mai multor nume sonore ale artei dirijorale, interpretative \u0219i componistice rom\u00e2ne\u0219ti \u015fi interna\u021bionale astfel \u00eenc\u00e2t Rom\u00e2nia\u00a0s\u0103 redevin\u0103 un simbol de tradi\u021bie spiritual\u0103 \u00een lume.<\/span><\/p>\n<p style=\"text-align: justify;\"><span style=\"color: #000000;\"><b>Funda\u021bia George Enescu\u00a0<\/b>are o sus\u021binut\u0103 activitate cultural\u0103:<\/span><\/p>\n<ul style=\"text-align: justify;\">\n<li><span style=\"color: #000000;\">Funda\u021bia noastr\u0103 este acreditat\u0103 la Brussels \u00een Parlamentul European, dar \u0219i de c\u0103tre Parlamentul Rom\u00e2niei &#8211; Camera Deputa\u021bilor \u00een Comisia de Cultur\u0103, unde desfa\u0219oar\u0103 o activitate fructuoas\u0103 de reprezentare \u0219i sus\u021binere a valorilor culturale rom\u00e2ne\u0219ti.<\/span><\/li>\n<li><span style=\"color: #000000;\">A ini\u021biat\u00a0 si implementat\u00a0 proiectul \u201cMuzica pentru toate anotimpurile\u201d la Ateneul Rom\u00e2n;<\/span><\/li>\n<li><span style=\"color: #000000;\">A organizat\u00a0 \u0219i sus\u021binut un concert \u00een 2011 \u0219i patru concerte \u00een 2012 \u00een Bucure\u0219ti la Ateneul Rom\u00e2n;<\/span><\/li>\n<li><span style=\"color: #000000;\">A \u00eenfiin\u021bat urm\u0103toarele ansambluri camerale: Pro Musica Trio, Athenaeum Brass Quintet, Athenaeum Brass Ensemble, Athenaeum Winds Ensemble, Athenaeum Baroc Ensemble \u015fi Camerata George Enescu;<\/span><\/li>\n<li><span style=\"color: #000000;\">A ini\u021biat proiectul \u201eCultura prin Muzic\u0103\u201d \u00een parteneriat cu Ministerul Culturii \u0219i Cultelor \u015fi proiectul \u201eCultura Online\u201d.<\/span><\/li>\n<li><span style=\"color: #000000;\">A ini\u021biat \u0219i derulat proiectul\u00a0<b>\u201eRomanian Live Concerts\u201d<\/b>\u00a0care a debutat cu transmiterea online a\u00a0<strong>Festivalul George Enescu<\/strong>\u00a0\u00eencep\u00e2nd cu data de 1 septembrie p\u00e2n\u0103 pe 28 septembrie 2013 \u015fi a cuprins transmisia online \u00een format HD de \u00eenalt\u0103 rezolu\u0163ie a 53 de concerte de la Ateneul Rom\u00e2n \u0219i Sala Palatului.\u00a0<a href=\"http:\/\/youtube.com\/enescufestivallive\">http:\/\/youtube.com\/enescufestivallive<\/a>.\u00a0\u00cen acest sens a demarat cea mai mare campanie mediatic\u0103 de promovare a Festivalului George Enescu \u015fi a Rom\u00e2niei \u00een mediul online. Transmisiile Festivalului George Enescu s-au realizat in premiera mondiala la o calitate full hd \u0219i au str\u00e2ns peste 500000 de vizualizari din toat\u0103 lumea.<\/span><\/li>\n<\/ul>\n<p style=\"text-align: justify;\"><span style=\"color: #000000;\">Str\u0103lucirea Ateneului Rom\u00e2n de alt\u0103dat\u0103 a fost dat\u0103 de evenimentele \u0219i momentele de anvergur\u0103 istoric\u0103, de prezen\u021ba unor personalit\u0103\u021bile marcante ale lumii muzicale internationale precum: George Enescu, Dinu Lipatti, Cella Delavrancea, Clara Haskil, George Georgescu, Dimitrie Dinicu, Eduard Wachmann, Ionel Perlea, Ion Voicu, Constantin Silvestri, Valentin Gheorghiu, Sergiu Celibidache, Sergiu Comissiona, Maurice Ravel, Richard Strauss, Igor Stravinski, Yehudi Menuhin, Zubin Mehta, Herbert von Karajan, Pietro Mascagni, Vincent d&#8217;Indy, Bela Bartok, Serghei Prokofiev, Arthur Rubinstein,\u00a0 Jacques Thibaud, Pablo Casals, David Oistrah, care ne-au f\u0103cut onoarea de a fi prezente pe scena Ateneului Roman de-a lungul vremii.<\/span><\/p>\n<p style=\"text-align: justify;\"><span style=\"color: #000000;\"><b>Funda\u021bia George Enescu\u00a0<\/b>ini\u021biaz\u0103\u00a0<a title=\"First Class Music\" href=\"http:\/\/fundatiaenescu.ro\/ro\/first-class-music\/\"><b>\u201eFIRST CLASS MUSIC\u201d<\/b><\/a>, un concept care reune\u0219te o sum\u0103 de evenimente culturale \u0219i mondene de \u00eenalt\u0103 \u021binut\u0103. Ne adres\u0103m personalit\u0103\u021bilor societ\u0103\u021bii rom\u00e2ne\u0219ti \u0219i celor mai pu\u021bin cunoscu\u021bi, care, prin activitatea lor profesional\u0103 \u0219i prin preocup\u0103rile personale, contribuie la buna stare a comunit\u0103\u021bii \u0219i care pot contribui, de asemenea, la promovarea culturii \u0219i valorilor artistice rom\u00e2ne\u0219ti la cel mai bun nivel.<\/span><\/p>\n<p style=\"text-align: justify;\"><span style=\"color: #000000;\"><b><a title=\"First Class Music\" href=\"http:\/\/fundatiaenescu.ro\/ro\/first-class-music\/\">\u201cFirst Class Music&#8221;<\/a>\u00a0<\/b>este creat \u00een jurul unui concert de muzic\u0103 clasic\u0103 \u00een care interpreteaz\u0103 arti\u0219ti de talie interna\u021bional\u0103. \u00cembin\u0103m experien\u021ba spiritual\u0103 a concertului cu socializarea \u0219i networking-ul de business pentru o sear\u0103 special\u0103 \u0219i benefic\u0103 pentru to\u021bi.<\/span><\/p>\n<p>[\/vc_column_text][\/vc_column][\/vc_row][vc_row][vc_column][vc_empty_space][\/vc_column][\/vc_row][vc_row full_width=&#8221;stretch_row&#8221; equal_height=&#8221;yes&#8221; el_class=&#8221;accent-bg&#8221;][vc_column][vc_cta h2=&#8221;LET&#8217;S START DOING YOUR BIT FOR THE WORLD. JOIN US AS A VOLUNTEER.&#8221; h2_font_container=&#8221;font_size:18|color:%23ffffff|line_height:40px&#8221; h2_use_theme_fonts=&#8221;yes&#8221; shape=&#8221;square&#8221; style=&#8221;flat&#8221; add_button=&#8221;right&#8221; btn_title=&#8221;Become a Volunteer&#8221; btn_style=&#8221;outline&#8221; btn_shape=&#8221;round&#8221; btn_color=&#8221;default&#8221; btn_align=&#8221;right&#8221; use_custom_fonts_h2=&#8221;true&#8221; btn_button_block=&#8221;true&#8221; btn_add_icon=&#8221;true&#8221; btn_custom_onclick=&#8221;true&#8221; el_class=&#8221;cta-fw&#8221; h2_el_class=&#8221;margin-0&#8243; btn_link=&#8221;url:http%3A%2F%2Ffundatiaenescu.ro%2Fro%2Fbecome-a-volunteer%2F|||&#8221; h2_link=&#8221;url:http%3A%2F%2Ffundatiaenescu.ro%2Fro%2Fbecome-a-volunteer%2F|||&#8221;][\/vc_cta][\/vc_column][\/vc_row][vc_row][vc_column][vc_column_text]<\/p>\n<h2 style=\"text-align: center;\"><\/h2>\n<h2 style=\"text-align: center;\">Join us now to make your impact<\/h2>\n<blockquote>\n<p style=\"text-align: center;\">Daca ai idei si propriile proiecte care sunt in concordanta cu scopul fundatiei te invitam ca alaturi de noi sa devii Team Leader-ul proiectelor tale care pot deveni astfel realitate!<\/p>\n<\/blockquote>\n<p style=\"text-align: center;\"><a class=\"btn btn-primary  \" href=\"http:\/\/fundatiaenescu.ro\/ro\/become-a-volunteer\/\/\" target=\"_self\" >Join us today<\/a><\/p>\n<p>[\/vc_column_text][\/vc_column][\/vc_row]<\/p>\n<\/div>","protected":false},"excerpt":{"rendered":"<p>[vc_row][vc_column][vc_custom_heading text=&#8221;Depre noi&#8221; font_container=&#8221;tag:h3|font_size:38|text_align:center|color:%233a3a3a|line_height:1.2&#8243; google_fonts=&#8221;font_family:Montserrat%3Aregular%2C700|font_style:400%20regular%3A400%3Anormal&#8221; css=&#8221;.vc_custom_1480238432692{padding-bottom: 35px !important;}&#8221;][\/vc_column][\/vc_row][vc_row][vc_column][vc_empty_space][\/vc_column][\/vc_row][vc_row][vc_column][vc_column_text] \u00cen viziunea noastr\u0103, contextul muzical actual trebuie s\u0103 se dezvolte prin existen\u021ba \u00een cadrul stagiunilor de concerte\u00a0 a c\u00e2t mai multor nume sonore ale artei dirijorale, interpretative \u0219i componistice rom\u00e2ne\u0219ti \u015fi interna\u021bionale astfel \u00eenc\u00e2t Rom\u00e2nia\u00a0s\u0103 redevin\u0103 un simbol de tradi\u021bie spiritual\u0103 \u00een lume. Funda\u021bia George Enescu\u00a0are o sus\u021binut\u0103 activitate cultural\u0103: Funda\u021bia noastr\u0103 este acreditat\u0103 la Brussels \u00een Parlamentul European, dar \u0219i de c\u0103tre Parlamentul Rom\u00e2niei &#8211; Camera Deputa\u021bilor \u00een Comisia de Cultur\u0103, unde desfa\u0219oar\u0103 o activitate fructuoas\u0103 de reprezentare \u0219i sus\u021binere a valorilor culturale rom\u00e2ne\u0219ti. A ini\u021biat\u00a0 si implementat\u00a0 proiectul \u201cMuzica pentru toate anotimpurile\u201d la Ateneul Rom\u00e2n; A organizat\u00a0 \u0219i sus\u021binut un concert \u00een 2011 \u0219i patru concerte \u00een 2012 \u00een Bucure\u0219ti la Ateneul Rom\u00e2n; A \u00eenfiin\u021bat urm\u0103toarele ansambluri camerale: Pro Musica Trio, Athenaeum Brass Quintet, Athenaeum Brass Ensemble, Athenaeum Winds Ensemble, Athenaeum Baroc Ensemble \u015fi Camerata George Enescu; A ini\u021biat proiectul \u201eCultura prin Muzic\u0103\u201d \u00een parteneriat cu Ministerul Culturii \u0219i Cultelor \u015fi proiectul \u201eCultura Online\u201d. A ini\u021biat \u0219i derulat proiectul\u00a0\u201eRomanian Live Concerts\u201d\u00a0care a debutat cu transmiterea online a\u00a0Festivalul George Enescu\u00a0\u00eencep\u00e2nd cu data de 1 septembrie p\u00e2n\u0103 pe 28 septembrie 2013 \u015fi a cuprins transmisia online \u00een format HD de \u00eenalt\u0103 rezolu\u0163ie a 53 de concerte de la Ateneul Rom\u00e2n \u0219i Sala Palatului.\u00a0http:\/\/youtube.com\/enescufestivallive.\u00a0\u00cen acest sens a demarat cea mai mare campanie mediatic\u0103 de promovare a Festivalului George Enescu \u015fi a Rom\u00e2niei \u00een mediul online. Transmisiile Festivalului George Enescu s-au realizat in premiera mondiala la o calitate full hd \u0219i au str\u00e2ns peste 500000 de vizualizari din toat\u0103 lumea. Str\u0103lucirea Ateneului Rom\u00e2n de alt\u0103dat\u0103 a fost dat\u0103 de evenimentele \u0219i momentele de anvergur\u0103 istoric\u0103, de prezen\u021ba unor personalit\u0103\u021bile marcante ale lumii muzicale internationale precum: George Enescu, Dinu Lipatti, Cella Delavrancea, Clara Haskil, George Georgescu, Dimitrie Dinicu, Eduard Wachmann, Ionel Perlea, Ion Voicu, Constantin Silvestri, Valentin Gheorghiu, Sergiu Celibidache, Sergiu Comissiona, Maurice Ravel, Richard Strauss, Igor Stravinski, Yehudi Menuhin, Zubin Mehta, Herbert von Karajan, Pietro Mascagni, Vincent d&#8217;Indy, Bela Bartok, Serghei Prokofiev, Arthur Rubinstein,\u00a0 Jacques Thibaud, Pablo Casals, David Oistrah, care ne-au f\u0103cut onoarea de a fi prezente pe scena Ateneului Roman de-a lungul vremii. Funda\u021bia George Enescu\u00a0ini\u021biaz\u0103\u00a0\u201eFIRST CLASS MUSIC\u201d, un concept care reune\u0219te o sum\u0103 de evenimente culturale \u0219i mondene de \u00eenalt\u0103 \u021binut\u0103. Ne adres\u0103m personalit\u0103\u021bilor societ\u0103\u021bii rom\u00e2ne\u0219ti \u0219i celor mai pu\u021bin cunoscu\u021bi, care, prin activitatea lor profesional\u0103 \u0219i prin preocup\u0103rile personale, contribuie la buna stare a comunit\u0103\u021bii \u0219i care pot contribui, de asemenea, la promovarea culturii \u0219i valorilor artistice rom\u00e2ne\u0219ti la cel mai bun nivel. \u201cFirst Class Music&#8221;\u00a0este creat \u00een jurul unui concert de muzic\u0103 clasic\u0103 \u00een care interpreteaz\u0103 arti\u0219ti de talie interna\u021bional\u0103. \u00cembin\u0103m experien\u021ba spiritual\u0103 a concertului cu socializarea \u0219i networking-ul de business pentru o sear\u0103 special\u0103 \u0219i benefic\u0103 pentru to\u021bi. [\/vc_column_text][\/vc_column][\/vc_row][vc_row][vc_column][vc_empty_space][\/vc_column][\/vc_row][vc_row full_width=&#8221;stretch_row&#8221; equal_height=&#8221;yes&#8221; el_class=&#8221;accent-bg&#8221;][vc_column][vc_cta h2=&#8221;LET&#8217;S START DOING YOUR BIT FOR THE WORLD. JOIN US AS A VOLUNTEER.&#8221; h2_font_container=&#8221;font_size:18|color:%23ffffff|line_height:40px&#8221; h2_use_theme_fonts=&#8221;yes&#8221; shape=&#8221;square&#8221; style=&#8221;flat&#8221; add_button=&#8221;right&#8221; btn_title=&#8221;Become a Volunteer&#8221; btn_style=&#8221;outline&#8221; btn_shape=&#8221;round&#8221; btn_color=&#8221;default&#8221; btn_align=&#8221;right&#8221; use_custom_fonts_h2=&#8221;true&#8221; btn_button_block=&#8221;true&#8221; btn_add_icon=&#8221;true&#8221; btn_custom_onclick=&#8221;true&#8221; el_class=&#8221;cta-fw&#8221; h2_el_class=&#8221;margin-0&#8243; btn_link=&#8221;url:http%3A%2F%2Ffundatiaenescu.ro%2Fro%2Fbecome-a-volunteer%2F|||&#8221; h2_link=&#8221;url:http%3A%2F%2Ffundatiaenescu.ro%2Fro%2Fbecome-a-volunteer%2F|||&#8221;][\/vc_cta][\/vc_column][\/vc_row][vc_row][vc_column][vc_column_text] Join us now to make your impact Daca ai idei si propriile proiecte care sunt in concordanta cu scopul fundatiei te invitam ca alaturi de noi sa devii Team Leader-ul proiectelor tale care [&hellip;]<\/p>\n","protected":false},"author":1,"featured_media":0,"parent":0,"menu_order":0,"comment_status":"closed","ping_status":"closed","template":"","meta":{"footnotes":""},"class_list":["post-2831","page","type-page","status-publish","hentry"],"_links":{"self":[{"href":"https:\/\/fundatiaenescu.ro\/ro\/wp-json\/wp\/v2\/pages\/2831","targetHints":{"allow":["GET"]}}],"collection":[{"href":"https:\/\/fundatiaenescu.ro\/ro\/wp-json\/wp\/v2\/pages"}],"about":[{"href":"https:\/\/fundatiaenescu.ro\/ro\/wp-json\/wp\/v2\/types\/page"}],"author":[{"embeddable":true,"href":"https:\/\/fundatiaenescu.ro\/ro\/wp-json\/wp\/v2\/users\/1"}],"replies":[{"embeddable":true,"href":"https:\/\/fundatiaenescu.ro\/ro\/wp-json\/wp\/v2\/comments?post=2831"}],"version-history":[{"count":1,"href":"https:\/\/fundatiaenescu.ro\/ro\/wp-json\/wp\/v2\/pages\/2831\/revisions"}],"predecessor-version":[{"id":3954,"href":"https:\/\/fundatiaenescu.ro\/ro\/wp-json\/wp\/v2\/pages\/2831\/revisions\/3954"}],"wp:attachment":[{"href":"https:\/\/fundatiaenescu.ro\/ro\/wp-json\/wp\/v2\/media?parent=2831"}],"curies":[{"name":"wp","href":"https:\/\/api.w.org\/{rel}","templated":true}]}}