{"id":3190,"date":"2017-01-29T13:54:43","date_gmt":"2017-01-29T11:54:43","guid":{"rendered":"http:\/\/fundatiaenescu.ro\/ro\/?page_id=3190"},"modified":"2020-12-14T23:34:29","modified_gmt":"2020-12-14T21:34:29","slug":"become-a-volunteer","status":"publish","type":"page","link":"https:\/\/fundatiaenescu.ro\/ro\/become-a-volunteer\/","title":{"rendered":"Become a Volunteer"},"content":{"rendered":"<div class=\"wpb-content-wrapper\"><p>[vc_row][vc_column][vc_column_text]<\/p>\n<h2 style=\"text-align: center;\">\u201cMuzica este spirit, suflet, care r\u0103sun\u0103 nemijlocit pentru sine \u00eensu\u015fi\u00a0\u015fi se simte mul\u0163umit auzindu-se pe sine.\u201d Hegel<\/h2>\n<div style=\"text-align: left;\"><\/div>\n<div style=\"text-align: left;\"><\/div>\n<p>[\/vc_column_text][\/vc_column][\/vc_row][vc_row full_width=&#8221;stretch_row_content&#8221;][vc_column width=&#8221;2\/3&#8243;][vc_column_text][vc_row][vc_column width=&#8221;1\/1&#8243;][vc_column_text]<\/p>\n<h2 class=\"block-title\">Current Openings<\/h2>\n<div class=\"tabs\"><\/div><ul class=\"nav nav-tabs\"><li class=\"active\"> <a data-toggle=\"tab\" href=\"#positions0\"> Project Coordinator <\/a> <\/li><li class=\"\"> <a data-toggle=\"tab\" href=\"#positions1\"> Team leader <\/a> <\/li><\/ul><div class=\"tab-content\"><\/div><div id=\"positions0\" class=\"tab-pane active\"><\/p>\n<p>Esti iubitor de arta&#8230;..Te intereseaza destinul culturii romanesti&#8230;&#8230;<\/p>\n<p style=\"text-align: left;\">Esti interesat de soarta artistilor si a oamenilor de cultura din Romania&#8230;.<\/p>\n<p style=\"text-align: left;\">Doresti sa sustii cea mai importanta institutie de cultura din Romania&#8230;<\/p>\n<p style=\"text-align: left;\">Vrei sa investesti in cultura&#8230;..<\/p>\n<p style=\"text-align: left;\">Esti un simplu meloman caruia ii pasa&#8230;.<\/p>\n<p style=\"text-align: left;\">Impreuna o sa reusim!<\/p>\n<p style=\"text-align: left;\">Sustine proiectele Fundatiei George Enescu<\/p>\n<p><\/div><div id=\"positions1\" class=\"tab-pane \"><\/div>Daca ai idei si propriile proiecte care sunt in concordanta cu scopul fundatiei te invitam ca alaturi de noi sa devii Team Leader-ul proiectelor tale care pot deveni astfel realitate![\/vc_column_text][\/vc_column][\/vc_row][vc_row][vc_column width=&#8221;1\/3&#8243;]\n<div class=\"wpcf7 no-js\" id=\"wpcf7-f2780-o1\" lang=\"ro-RO\" dir=\"ltr\" data-wpcf7-id=\"2780\">\n<div class=\"screen-reader-response\"><p role=\"status\" aria-live=\"polite\" aria-atomic=\"true\"><\/p> <ul><\/ul><\/div>\n<form action=\"\/ro\/wp-json\/wp\/v2\/pages\/3190#wpcf7-f2780-o1\" method=\"post\" class=\"wpcf7-form init\" aria-label=\"Formular de contact\" enctype=\"multipart\/form-data\" novalidate=\"novalidate\" data-status=\"init\">\n<fieldset class=\"hidden-fields-container\"><input type=\"hidden\" name=\"_wpcf7\" value=\"2780\" \/><input type=\"hidden\" name=\"_wpcf7_version\" value=\"6.1.5\" \/><input type=\"hidden\" name=\"_wpcf7_locale\" value=\"ro_RO\" \/><input type=\"hidden\" name=\"_wpcf7_unit_tag\" value=\"wpcf7-f2780-o1\" \/><input type=\"hidden\" name=\"_wpcf7_container_post\" value=\"0\" \/><input type=\"hidden\" name=\"_wpcf7_posted_data_hash\" value=\"\" \/>\n<\/fieldset>\n<p><label> Numele t\u0103u (obligatoriu)<br \/>\n<span class=\"wpcf7-form-control-wrap\" data-name=\"your-name\"><input size=\"40\" maxlength=\"400\" class=\"wpcf7-form-control wpcf7-text wpcf7-validates-as-required\" aria-required=\"true\" aria-invalid=\"false\" value=\"\" type=\"text\" name=\"your-name\" \/><\/span> <\/label>\n<\/p>\n<p><label> Emailul t\u0103u (obligatoriu)<br \/>\n<span class=\"wpcf7-form-control-wrap\" data-name=\"your-email\"><input size=\"40\" maxlength=\"400\" class=\"wpcf7-form-control wpcf7-email wpcf7-validates-as-required wpcf7-text wpcf7-validates-as-email\" aria-required=\"true\" aria-invalid=\"false\" value=\"\" type=\"email\" name=\"your-email\" \/><\/span> <\/label>\n<\/p>\n<p><label> Telefonul t\u0103u (obligatoriu)<br \/>\n<span class=\"wpcf7-form-control-wrap\" data-name=\"your-phone\"><input size=\"40\" maxlength=\"400\" class=\"wpcf7-form-control wpcf7-tel wpcf7-validates-as-required wpcf7-text wpcf7-validates-as-tel\" aria-required=\"true\" aria-invalid=\"false\" value=\"\" type=\"tel\" name=\"your-phone\" \/><\/span> <\/label>\n<\/p>\n<p><label> Subiect<br \/>\n<span class=\"wpcf7-form-control-wrap\" data-name=\"your-subject\"><input size=\"40\" maxlength=\"400\" class=\"wpcf7-form-control wpcf7-text\" aria-invalid=\"false\" value=\"\" type=\"text\" name=\"your-subject\" \/><\/span> <\/label>\n<\/p>\n<p><label> Mesajul t\u0103u<br \/>\n<span class=\"wpcf7-form-control-wrap\" data-name=\"your-message\"><textarea cols=\"40\" rows=\"10\" maxlength=\"2000\" class=\"wpcf7-form-control wpcf7-textarea\" aria-invalid=\"false\" name=\"your-message\"><\/textarea><\/span> <\/label>\n<\/p>\n<p><label> CV-ul t\u0103u<br \/>\n<span class=\"wpcf7-form-control-wrap\" data-name=\"file-475\"><input size=\"40\" class=\"wpcf7-form-control wpcf7-file\" accept=\".pdf\" aria-invalid=\"false\" type=\"file\" name=\"file-475\" \/><\/span> <\/label>\n<\/p>\n<p><input class=\"wpcf7-form-control wpcf7-submit has-spinner\" type=\"submit\" value=\"Trimite\" \/>\n<\/p><div class=\"wpcf7-response-output\" aria-hidden=\"true\"><\/div>\n<\/form>\n<\/div>\n[\/vc_column][vc_column width=&#8221;2\/3&#8243;][\/vc_column][\/vc_row]<\/p>\n<\/div>","protected":false},"excerpt":{"rendered":"<p>[vc_row][vc_column][vc_column_text] \u201cMuzica este spirit, suflet, care r\u0103sun\u0103 nemijlocit pentru sine \u00eensu\u015fi\u00a0\u015fi se simte mul\u0163umit auzindu-se pe sine.\u201d Hegel [\/vc_column_text][\/vc_column][\/vc_row][vc_row full_width=&#8221;stretch_row_content&#8221;][vc_column width=&#8221;2\/3&#8243;][vc_column_text][vc_row][vc_column width=&#8221;1\/1&#8243;][vc_column_text] Current Openings Daca ai idei si propriile proiecte care sunt in concordanta cu scopul fundatiei te invitam ca alaturi de noi sa devii Team Leader-ul proiectelor tale care pot deveni astfel realitate![\/vc_column_text][\/vc_column][\/vc_row][vc_row][vc_column width=&#8221;1\/3&#8243;][\/vc_column][vc_column width=&#8221;2\/3&#8243;][\/vc_column][\/vc_row]<\/p>\n","protected":false},"author":1,"featured_media":0,"parent":0,"menu_order":0,"comment_status":"closed","ping_status":"closed","template":"","meta":{"footnotes":""},"class_list":["post-3190","page","type-page","status-publish","hentry"],"_links":{"self":[{"href":"https:\/\/fundatiaenescu.ro\/ro\/wp-json\/wp\/v2\/pages\/3190","targetHints":{"allow":["GET"]}}],"collection":[{"href":"https:\/\/fundatiaenescu.ro\/ro\/wp-json\/wp\/v2\/pages"}],"about":[{"href":"https:\/\/fundatiaenescu.ro\/ro\/wp-json\/wp\/v2\/types\/page"}],"author":[{"embeddable":true,"href":"https:\/\/fundatiaenescu.ro\/ro\/wp-json\/wp\/v2\/users\/1"}],"replies":[{"embeddable":true,"href":"https:\/\/fundatiaenescu.ro\/ro\/wp-json\/wp\/v2\/comments?post=3190"}],"version-history":[{"count":7,"href":"https:\/\/fundatiaenescu.ro\/ro\/wp-json\/wp\/v2\/pages\/3190\/revisions"}],"predecessor-version":[{"id":3482,"href":"https:\/\/fundatiaenescu.ro\/ro\/wp-json\/wp\/v2\/pages\/3190\/revisions\/3482"}],"wp:attachment":[{"href":"https:\/\/fundatiaenescu.ro\/ro\/wp-json\/wp\/v2\/media?parent=3190"}],"curies":[{"name":"wp","href":"https:\/\/api.w.org\/{rel}","templated":true}]}}